{"id":8516,"date":"2025-10-08T10:08:50","date_gmt":"2025-10-08T08:08:50","guid":{"rendered":"https:\/\/mialmazarahotel.com\/?page_id=8516"},"modified":"2025-10-08T11:41:30","modified_gmt":"2025-10-08T09:41:30","slug":"conditions-generales-de-vente-2","status":"publish","type":"page","link":"https:\/\/mialmazarahotel.com\/fr\/conditions-generales-de-vente-2\/","title":{"rendered":"Conditions g\u00e9n\u00e9rales de vente"},"content":{"rendered":"\t\t<div data-elementor-type=\"wp-page\" data-elementor-id=\"8516\" class=\"elementor elementor-8516 elementor-8514\" data-elementor-post-type=\"page\">\n\t\t\t\t\t\t<section class=\"elementor-section elementor-top-section elementor-element elementor-element-851632f elementor-section-full_width elementor-section-height-default elementor-section-height-default\" data-id=\"851632f\" data-element_type=\"section\" data-settings=\"{&quot;background_background&quot;:&quot;classic&quot;}\">\n\t\t\t\t\t\t<div class=\"elementor-container elementor-column-gap-default\">\n\t\t\t\t\t<div class=\"elementor-column elementor-col-100 elementor-top-column elementor-element elementor-element-944137a\" data-id=\"944137a\" data-element_type=\"column\">\n\t\t\t<div class=\"elementor-widget-wrap\">\n\t\t\t\t\t\t\t<\/div>\n\t\t<\/div>\n\t\t\t\t\t<\/div>\n\t\t<\/section>\n\t\t\t\t<section class=\"elementor-section elementor-top-section elementor-element elementor-element-23cce63 elementor-section-boxed elementor-section-height-default elementor-section-height-default\" data-id=\"23cce63\" data-element_type=\"section\" data-settings=\"{&quot;background_background&quot;:&quot;classic&quot;}\">\n\t\t\t\t\t\t<div class=\"elementor-container elementor-column-gap-default\">\n\t\t\t\t\t<div class=\"elementor-column elementor-col-100 elementor-top-column elementor-element elementor-element-7a9157b\" data-id=\"7a9157b\" data-element_type=\"column\">\n\t\t\t<div class=\"elementor-widget-wrap elementor-element-populated\">\n\t\t\t\t\t\t<div class=\"elementor-element elementor-element-faf3666 elementor-widget elementor-widget-text-editor\" data-id=\"faf3666\" data-element_type=\"widget\" data-widget_type=\"text-editor.default\">\n\t\t\t\t<div class=\"elementor-widget-container\">\n\t\t\t\t\t\t\t\t\t<p style=\"text-align: left;\">Conditions g\u00e9n\u00e9rales de vente<\/p>\t\t\t\t\t\t\t\t<\/div>\n\t\t\t\t<\/div>\n\t\t\t\t\t<\/div>\n\t\t<\/div>\n\t\t\t\t\t<\/div>\n\t\t<\/section>\n\t\t\t\t<section class=\"elementor-section elementor-top-section elementor-element elementor-element-448407e elementor-section-boxed elementor-section-height-default elementor-section-height-default\" data-id=\"448407e\" data-element_type=\"section\">\n\t\t\t\t\t\t<div class=\"elementor-container elementor-column-gap-default\">\n\t\t\t\t\t<div class=\"elementor-column elementor-col-100 elementor-top-column elementor-element elementor-element-3950063\" data-id=\"3950063\" data-element_type=\"column\">\n\t\t\t<div class=\"elementor-widget-wrap elementor-element-populated\">\n\t\t\t\t\t\t\t<\/div>\n\t\t<\/div>\n\t\t\t\t\t<\/div>\n\t\t<\/section>\n\t\t\t\t<section class=\"elementor-section elementor-top-section elementor-element elementor-element-3864ad1 elementor-section-boxed elementor-section-height-default elementor-section-height-default\" data-id=\"3864ad1\" data-element_type=\"section\">\n\t\t\t\t\t\t<div class=\"elementor-container elementor-column-gap-default\">\n\t\t\t\t\t<div class=\"elementor-column elementor-col-100 elementor-top-column elementor-element elementor-element-8411a40\" data-id=\"8411a40\" data-element_type=\"column\">\n\t\t\t<div class=\"elementor-widget-wrap elementor-element-populated\">\n\t\t\t\t\t\t<div class=\"elementor-element elementor-element-41b4fbe elementor-widget elementor-widget-text-editor\" data-id=\"41b4fbe\" data-element_type=\"widget\" data-widget_type=\"text-editor.default\">\n\t\t\t\t<div class=\"elementor-widget-container\">\n\t\t\t\t\t\t\t\t\t<p><strong>0. OBJET<\/strong><\/p><p>Les pr\u00e9sentes conditions g\u00e9n\u00e9rales r\u00e9gissent l&rsquo;acquisition des services offerts sur le site Internet https:\/\/www.mialmazarahotel.com, propri\u00e9t\u00e9 de Gesti\u00f3n Hotelera Comprometida, S.L (ci-apr\u00e8s, GHC).<\/p><p>L&rsquo;acquisition de n&rsquo;importe lequel des services implique l&rsquo;acceptation totale et sans r\u00e9serve de toutes les conditions g\u00e9n\u00e9rales indiqu\u00e9es, sans pr\u00e9judice de l&rsquo;acceptation des conditions particuli\u00e8res qui peuvent \u00eatre applicables lors de l&rsquo;acquisition de certains services.<\/p><p>Ces conditions g\u00e9n\u00e9rales peuvent \u00eatre modifi\u00e9es sans pr\u00e9avis, il est donc conseill\u00e9 de lire attentivement leur contenu avant de proc\u00e9der \u00e0 l&rsquo;achat de l&rsquo;un des services propos\u00e9s.<\/p><p><strong>1. IDENTIFICATION<\/strong><\/p><p>GHC, conform\u00e9ment \u00e0 la loi 34\/2002, du 11 juillet, sur les services de la soci\u00e9t\u00e9 de l&rsquo;information et le commerce \u00e9lectronique, vous informe que :<\/p><ul><li>Sa raison sociale est : Gesti\u00f3n Hotelera Comprometida, S.L.<\/li><li>Son nom commercial est : Mi AlmaZara.<\/li><li>Son CIF est : B86984820<\/li><li>Son si\u00e8ge social est situ\u00e9 \u00e0 Carretera Jes\u00fas Pobre 161 03730 J\u00e1vea &#8211; Alicante (Espagne).<\/li><\/ul><p><strong>2. COMMUNICATIONS<\/strong><\/p><p>Pour communiquer avec nous, nous mettons \u00e0 votre disposition diff\u00e9rents moyens de contact que nous d\u00e9taillons ci-dessous :<\/p><ul><li>Courriel : info@mialmazarahotel.com<\/li><li>Adresse postale : Carretera Jes\u00fas Pobre 161 03730 J\u00e1vea &#8211; Alicante (Espagne).<\/li><\/ul><p>Toutes les notifications et communications entre les utilisateurs et GHC seront consid\u00e9r\u00e9es comme effectives, \u00e0 tous les effets, lorsqu&rsquo;elles sont effectu\u00e9es par l&rsquo;un des moyens susmentionn\u00e9s.<\/p><p><strong>3. SERVICES<\/strong><\/p><p>Les services offerts, ainsi que leurs principales caract\u00e9ristiques et leur prix, apparaissent \u00e0 l&rsquo;\u00e9cran.<\/p><p>GHC se r\u00e9serve le droit de d\u00e9cider, \u00e0 tout moment, des produits et\/ou services offerts aux Clients. Ainsi, GHC peut, \u00e0 tout moment, ajouter de nouveaux produits et\/ou services \u00e0 ceux actuellement offerts. De m\u00eame, GHC se r\u00e9serve le droit de retirer ou de cesser d&rsquo;offrir, \u00e0 tout moment et sans pr\u00e9avis, l&rsquo;un ou l&rsquo;autre des services offerts.<\/p><p>Tout ceci sans pr\u00e9judice du fait que l&rsquo;acquisition de l&rsquo;un quelconque des services ne peut se faire qu&rsquo;au moyen de la souscription ou de l&rsquo;enregistrement de l&rsquo;UTILISATEUR, en lui attribuant un nom d&rsquo;utilisateur et un mot de passe, qui l&rsquo;identifieront et lui permettront d&rsquo;acc\u00e9der personnellement aux services.<\/p><p>Une fois \u00e0 l&rsquo;int\u00e9rieur de https:\/\/www.mialmazarahotel.com, et afin d&rsquo;acc\u00e9der \u00e0 la prestation des diff\u00e9rents services, l&rsquo;UTILISATEUR devra suivre toutes les instructions indiqu\u00e9es dans le processus d&rsquo;achat, ce qui impliquera la lecture et l&rsquo;acceptation de toutes les conditions g\u00e9n\u00e9rales et particuli\u00e8res \u00e9tablies dans https:\/\/www.mialmazarahotel.com.<\/p><p><strong>4. DISPONIBILIT\u00c9 ET SUBSTITUTIONS<\/strong><\/p><p>GHC s&rsquo;efforce de garantir la disponibilit\u00e9 de tous les produits annonc\u00e9s sur www.mialmazarahotel.com. Toutefois, en cas d&rsquo;indisponibilit\u00e9 d&rsquo;un produit command\u00e9, le client en sera inform\u00e9 par courrier \u00e9lectronique d\u00e8s que le produit sera disponible et dans les meilleurs d\u00e9lais.<\/p><p>En cas d&rsquo;indisponibilit\u00e9 de tout ou partie de la commande, et de refus des produits de remplacement par le client, le remboursement des sommes pr\u00e9c\u00e9demment vers\u00e9es sera effectu\u00e9 selon les m\u00eames modalit\u00e9s que celles utilis\u00e9es pour le paiement.<\/p><p>En cas d&rsquo;indisponibilit\u00e9 totale ou partielle de la commande et de refus des produits de remplacement par le client, le remboursement sera effectu\u00e9 selon les m\u00eames modalit\u00e9s que le paiement.<br>Si GHC retarde ind\u00fbment le remboursement des sommes vers\u00e9es, le consommateur pourra r\u00e9clamer le double du montant d\u00fb.<br>Pour la fourniture des services, GHC fournira un acc\u00e8s comme suit : nom d&rsquo;utilisateur et mot de passe.<\/p><p>GHC n&rsquo;est pas responsable des dommages ou pr\u00e9judices qui pourraient \u00eatre caus\u00e9s \u00e0 l&rsquo;UTILISATEUR \u00e0 la suite de d\u00e9faillances ou de d\u00e9connexions des r\u00e9seaux de t\u00e9l\u00e9communications et qui pourraient entra\u00eener la suspension, l&rsquo;annulation ou l&rsquo;interruption du service de https:\/\/www.mialmazarahotel.com pendant la prestation du service.<\/p><p><strong>5. PROCESSUS D&rsquo;ACHAT ET\/OU DE CONTRAT<\/strong><\/p><p>Pour effectuer tout achat sur https:\/\/www.mialmazarahotel.com, le client doit \u00eatre majeur.<br>Il devra \u00e9galement s&rsquo;enregistrer sur le site https:\/\/www.mialmazarahotel.com au moyen d&rsquo;un formulaire de collecte de donn\u00e9es dans lequel il fournira \u00e0 GHC les informations n\u00e9cessaires \u00e0 la conclusion du contrat ; ces donn\u00e9es seront en tout \u00e9tat de cause v\u00e9ridiques, exactes et compl\u00e8tes en ce qui concerne son identit\u00e9 et le client devra y consentir express\u00e9ment en acceptant la politique de protection de la vie priv\u00e9e de GHC.<br>Il est \u00e9galement recommand\u00e9 au client d&rsquo;imprimer et\/ou de conserver sur un support durable une copie des conditions g\u00e9n\u00e9rales de vente lors de la passation de sa commande, ainsi que le r\u00e9c\u00e9piss\u00e9 envoy\u00e9 par GHC par courrier \u00e9lectronique.<\/p><p><strong>FACTURATION<\/strong><\/p><p>Vous recevrez la facture correspondante avec votre commande. \u00c0 cet effet, le client accepte de recevoir cette facture par voie \u00e9lectronique.<\/p><p><strong>6. PRIX, CO\u00dbTS ET TAXES<\/strong><\/p><p>Les prix des services figurant sur le site https:\/\/www.mialmazarahotel.com sont exprim\u00e9s en euros, sauf indication contraire, et sont garantis pendant la dur\u00e9e de validit\u00e9 de ceux-ci, sauf erreur d&rsquo;impression et quelle que soit la destination de la commande.<\/p><p><strong>SERVICES<\/strong><\/p><p>Les prix d\u00e9finitifs de tous les services, ainsi que leurs caract\u00e9ristiques, offres, r\u00e9ductions, etc. sont refl\u00e9t\u00e9s dans chacun des services propos\u00e9s sur https:\/\/www.mialmazarahotel.com.<\/p><ul><li>La TVA est incluse dans tous les services.<\/li><li>Le taux de TVA est de 21 %.<\/li><\/ul><p><br>Les prix des services peuvent varier \u00e0 tout moment. Dans ce cas, le prix \u00e0 appliquer sera celui en vigueur \u00e0 la date de la commande. Dans tous les cas, le co\u00fbt final sera communiqu\u00e9 au client lors du processus d&rsquo;achat \u00e9lectronique avant que le client ne formalise son acceptation.<\/p><p><strong>7. MODES DE PAIEMENT<\/strong><\/p><p>Nous proposons les modes de paiement suivants :<br>a. Par carte bancaire<br>Vous pouvez effectuer votre paiement imm\u00e9diatement via la passerelle de paiement s\u00e9curis\u00e9e SSL de notre banque. En cas de remboursement ou d&rsquo;annulation de la commande, le montant sera rembours\u00e9 par la m\u00eame carte de paiement.<\/p><p>b. Par virement bancaire<br>D\u00e9p\u00f4t en esp\u00e8ces ou virement bancaire \u00e0 : Entit\u00e9 : . Num\u00e9ro de compte : Vous devez fournir le nom du client et le num\u00e9ro de commande lors du virement.<br>c. PayPal<br>Le paiement de la commande sera autoris\u00e9 via PayPal, mais aucun fonds ne sera pr\u00e9lev\u00e9 tant que PayPal n&rsquo;aura pas v\u00e9rifi\u00e9 son exactitude. Un compte PayPal est requis pour cela.<br>d. Bizum  <\/p><p>Bizum est un syst\u00e8me de transfert d&rsquo;argent entre particuliers. . Avec cette plateforme, vous pouvez envoyer et demander de l&rsquo;argent \u00e0 d&rsquo;autres utilisateurs qui l&rsquo;utilisent \u00e9galement, le tout gratuitement et instantan\u00e9ment.<\/p><p><strong>8. POLITIQUE DE RETOUR ET DE RETRAIT<\/strong><\/p><p>Conform\u00e9ment \u00e0 la r\u00e9glementation, le consommateur et l&rsquo;utilisateur auront le droit de SE RETIRER du contrat pour une p\u00e9riode maximale de 14 jours calendaires sans avoir \u00e0 indiquer la raison et sans encourir de frais, \u00e0 l&rsquo;exception de ceux pr\u00e9vus \u00e0 l&rsquo;art. 107.2 et 108 du RD1\/2007, du 16 novembre, qui approuve le texte vis\u00e9 dans la Loi G\u00e9n\u00e9rale pour la D\u00e9fense des Consommateurs et des Utilisateurs.<\/p><p>Ce droit de r\u00e9tractation ne s&rsquo;applique pas, entre autres, \u00e0 :<\/p><ul><li>Les prestations de services d\u00e9j\u00e0 ex\u00e9cut\u00e9es ou commenc\u00e9es.<\/li><li>Contrats de fourniture de produits confectionn\u00e9s selon les sp\u00e9cifications du consommateur et de l&rsquo;utilisateur ou nettement personnalis\u00e9s ou qui, du fait de leur nature, ne peuvent \u00eatre r\u00e9exp\u00e9di\u00e9s ou sont susceptibles de se d\u00e9t\u00e9riorer ou de se p\u00e9rimer rapidement.<\/li><li>Les contrats de fourniture d&rsquo;enregistrements sonores ou vid\u00e9o, de disques et de programmes informatiques qui ont \u00e9t\u00e9 descell\u00e9s par le consommateur et l&rsquo;utilisateur, ainsi que de fichiers informatiques, fournis par voie \u00e9lectronique, qui peuvent \u00eatre t\u00e9l\u00e9charg\u00e9s ou reproduits imm\u00e9diatement pour une utilisation permanente.<\/li><li>La fourniture de services d&rsquo;h\u00e9bergement ou de services li\u00e9s \u00e0 des activit\u00e9s de loisirs, si le contrat pr\u00e9voit une date ou une p\u00e9riode d&rsquo;ex\u00e9cution sp\u00e9cifique.<\/li><\/ul><p><strong>SERVICES<\/strong><\/p><p>Le d\u00e9lai de r\u00e9tractation du contrat de prestation de services est de 14 jours calendaires \u00e0 compter du jour de la conclusion du contrat, et l&rsquo;utilisateur doit informer GHC de sa volont\u00e9 d&rsquo;exercer ce droit, ce qu&rsquo;il peut faire en remplissant le formulaire figurant \u00e0 la fin du pr\u00e9sent document.<\/p><p>L&rsquo;exercice du droit de r\u00e9tractation entra\u00eene la suspension du service. GHC notifiera au consommateur, sur un support durable, la r\u00e9ception de cette r\u00e9tractation.<\/p><p>La r\u00e9tractation implique que GHC proc\u00e9dera au remboursement du montant d\u00e9j\u00e0 pay\u00e9 par le client dans un d\u00e9lai maximum de 14 jours calendaires, en suivant la m\u00eame proc\u00e9dure que celle choisie par le client pour le paiement (pour autant que le service contract\u00e9 ne rel\u00e8ve pas des exceptions indiqu\u00e9es ci-dessus).<\/p><p>Une fois que nous aurons re\u00e7u votre demande, nous vous contacterons pour vous informer des modalit\u00e9s du remboursement.<\/p><p><strong>9. SERVICE CLIENT\u00c8LE ET PLAINTES<\/strong><\/p><p>Pour d\u00e9poser une plainte ou une r\u00e9clamation aupr\u00e8s de GHC, le client doit contacter le service client\u00e8le.<\/p><p>Conform\u00e9ment au r\u00e8glement en ligne des litiges de consommation de l&rsquo;UE et \u00e0 l&rsquo;article 14.1 du r\u00e8glement (UE) 524\/2013, nous vous informons que la Commission europ\u00e9enne met \u00e0 la disposition de tous les consommateurs une plateforme de r\u00e8glement des litiges en ligne qui est disponible sur le lien suivant : http:\/\/ec.europa.eu\/consumers\/odr\/.<\/p><p><strong>10. DROIT APPLICABLE<\/strong><\/p><p>Les pr\u00e9sentes conditions sont r\u00e9gies par la l\u00e9gislation espagnole en vigueur.<\/p><p>La langue utilis\u00e9e est l&rsquo;espagnol.<\/p>\t\t\t\t\t\t\t\t<\/div>\n\t\t\t\t<\/div>\n\t\t\t\t\t<\/div>\n\t\t<\/div>\n\t\t\t\t\t<\/div>\n\t\t<\/section>\n\t\t\t\t<\/div>\n\t\t","protected":false},"excerpt":{"rendered":"<p>Conditions g\u00e9n\u00e9rales de vente 0. OBJET Les pr\u00e9sentes conditions g\u00e9n\u00e9rales r\u00e9gissent l&rsquo;acquisition des services offerts sur le site Internet https:\/\/www.mialmazarahotel.com, propri\u00e9t\u00e9 de Gesti\u00f3n Hotelera Comprometida, S.L (ci-apr\u00e8s, GHC). L&rsquo;acquisition de n&rsquo;importe lequel des services implique l&rsquo;acceptation totale et sans r\u00e9serve de toutes les conditions g\u00e9n\u00e9rales indiqu\u00e9es, sans pr\u00e9judice de l&rsquo;acceptation des conditions particuli\u00e8res qui peuvent &#8230; <a title=\"Conditions g\u00e9n\u00e9rales de vente\" class=\"read-more\" href=\"https:\/\/mialmazarahotel.com\/fr\/conditions-generales-de-vente-2\/\" aria-label=\"En savoir plus sur Conditions g\u00e9n\u00e9rales de vente\">Lire la suite<\/a><\/p>\n","protected":false},"author":1,"featured_media":0,"parent":0,"menu_order":0,"comment_status":"closed","ping_status":"closed","template":"elementor_header_footer","meta":{"inline_featured_image":false,"footnotes":""},"class_list":["post-8516","page","type-page","status-publish"],"yoast_head":"<!-- This site is optimized with the Yoast SEO plugin v26.4 - https:\/\/yoast.com\/wordpress\/plugins\/seo\/ -->\n<title>Conditions g\u00e9n\u00e9rales de vente | Mi Almazara<\/title>\n<meta name=\"robots\" content=\"noindex, follow\" \/>\n<meta property=\"og:locale\" content=\"fr_FR\" \/>\n<meta property=\"og:type\" content=\"article\" \/>\n<meta property=\"og:title\" content=\"Conditions g\u00e9n\u00e9rales de vente | Mi Almazara\" \/>\n<meta property=\"og:description\" content=\"Conditions g\u00e9n\u00e9rales de vente 0. OBJET Les pr\u00e9sentes conditions g\u00e9n\u00e9rales r\u00e9gissent l&rsquo;acquisition des services offerts sur le site Internet https:\/\/www.mialmazarahotel.com, propri\u00e9t\u00e9 de Gesti\u00f3n Hotelera Comprometida, S.L (ci-apr\u00e8s, GHC). L&rsquo;acquisition de n&rsquo;importe lequel des services implique l&rsquo;acceptation totale et sans r\u00e9serve de toutes les conditions g\u00e9n\u00e9rales indiqu\u00e9es, sans pr\u00e9judice de l&rsquo;acceptation des conditions particuli\u00e8res qui peuvent ... Lire la suite\" \/>\n<meta property=\"og:url\" content=\"https:\/\/mialmazarahotel.com\/fr\/conditions-generales-de-vente-2\/\" \/>\n<meta property=\"og:site_name\" content=\"Mi Almazara\" \/>\n<meta property=\"article:modified_time\" content=\"2025-10-08T09:41:30+00:00\" \/>\n<meta property=\"og:image\" content=\"https:\/\/mialmazarahotel.com\/wp-content\/uploads\/2023\/12\/cropped-favicon-4.png\" \/>\n\t<meta property=\"og:image:width\" content=\"512\" \/>\n\t<meta property=\"og:image:height\" content=\"512\" \/>\n\t<meta property=\"og:image:type\" content=\"image\/png\" \/>\n<meta name=\"twitter:card\" content=\"summary_large_image\" \/>\n<meta name=\"twitter:label1\" content=\"Dur\u00e9e de lecture estim\u00e9e\" \/>\n\t<meta name=\"twitter:data1\" content=\"8 minutes\" \/>\n<script type=\"application\/ld+json\" class=\"yoast-schema-graph\">{\"@context\":\"https:\/\/schema.org\",\"@graph\":[{\"@type\":\"WebPage\",\"@id\":\"https:\/\/mialmazarahotel.com\/fr\/conditions-generales-de-vente-2\/\",\"url\":\"https:\/\/mialmazarahotel.com\/fr\/conditions-generales-de-vente-2\/\",\"name\":\"Conditions g\u00e9n\u00e9rales de vente | Mi Almazara\",\"isPartOf\":{\"@id\":\"https:\/\/mialmazarahotel.com\/#website\"},\"datePublished\":\"2025-10-08T08:08:50+00:00\",\"dateModified\":\"2025-10-08T09:41:30+00:00\",\"breadcrumb\":{\"@id\":\"https:\/\/mialmazarahotel.com\/fr\/conditions-generales-de-vente-2\/#breadcrumb\"},\"inLanguage\":\"fr-FR\",\"potentialAction\":[{\"@type\":\"ReadAction\",\"target\":[\"https:\/\/mialmazarahotel.com\/fr\/conditions-generales-de-vente-2\/\"]}]},{\"@type\":\"BreadcrumbList\",\"@id\":\"https:\/\/mialmazarahotel.com\/fr\/conditions-generales-de-vente-2\/#breadcrumb\",\"itemListElement\":[{\"@type\":\"ListItem\",\"position\":1,\"name\":\"Portada\",\"item\":\"https:\/\/mialmazarahotel.com\/fr\/\"},{\"@type\":\"ListItem\",\"position\":2,\"name\":\"Conditions g\u00e9n\u00e9rales de vente\"}]},{\"@type\":\"WebSite\",\"@id\":\"https:\/\/mialmazarahotel.com\/#website\",\"url\":\"https:\/\/mialmazarahotel.com\/\",\"name\":\"Mi Almazara\",\"description\":\"Hotel Boutique en J\u00e1vea\",\"publisher\":{\"@id\":\"https:\/\/mialmazarahotel.com\/#organization\"},\"alternateName\":\"Almazara\",\"potentialAction\":[{\"@type\":\"SearchAction\",\"target\":{\"@type\":\"EntryPoint\",\"urlTemplate\":\"https:\/\/mialmazarahotel.com\/?s={search_term_string}\"},\"query-input\":{\"@type\":\"PropertyValueSpecification\",\"valueRequired\":true,\"valueName\":\"search_term_string\"}}],\"inLanguage\":\"fr-FR\"},{\"@type\":\"Organization\",\"@id\":\"https:\/\/mialmazarahotel.com\/#organization\",\"name\":\"Mi Almazara\",\"url\":\"https:\/\/mialmazarahotel.com\/\",\"logo\":{\"@type\":\"ImageObject\",\"inLanguage\":\"fr-FR\",\"@id\":\"https:\/\/mialmazarahotel.com\/#\/schema\/logo\/image\/\",\"url\":\"https:\/\/mialmazarahotel.com\/wp-content\/uploads\/2023\/12\/cropped-favicon-4.png\",\"contentUrl\":\"https:\/\/mialmazarahotel.com\/wp-content\/uploads\/2023\/12\/cropped-favicon-4.png\",\"width\":512,\"height\":512,\"caption\":\"Mi Almazara\"},\"image\":{\"@id\":\"https:\/\/mialmazarahotel.com\/#\/schema\/logo\/image\/\"}}]}<\/script>\n<!-- \/ Yoast SEO plugin. -->","yoast_head_json":{"title":"Conditions g\u00e9n\u00e9rales de vente | Mi Almazara","robots":{"index":"noindex","follow":"follow"},"og_locale":"fr_FR","og_type":"article","og_title":"Conditions g\u00e9n\u00e9rales de vente | Mi Almazara","og_description":"Conditions g\u00e9n\u00e9rales de vente 0. OBJET Les pr\u00e9sentes conditions g\u00e9n\u00e9rales r\u00e9gissent l&rsquo;acquisition des services offerts sur le site Internet https:\/\/www.mialmazarahotel.com, propri\u00e9t\u00e9 de Gesti\u00f3n Hotelera Comprometida, S.L (ci-apr\u00e8s, GHC). L&rsquo;acquisition de n&rsquo;importe lequel des services implique l&rsquo;acceptation totale et sans r\u00e9serve de toutes les conditions g\u00e9n\u00e9rales indiqu\u00e9es, sans pr\u00e9judice de l&rsquo;acceptation des conditions particuli\u00e8res qui peuvent ... Lire la suite","og_url":"https:\/\/mialmazarahotel.com\/fr\/conditions-generales-de-vente-2\/","og_site_name":"Mi Almazara","article_modified_time":"2025-10-08T09:41:30+00:00","og_image":[{"width":512,"height":512,"url":"https:\/\/mialmazarahotel.com\/wp-content\/uploads\/2023\/12\/cropped-favicon-4.png","type":"image\/png"}],"twitter_card":"summary_large_image","twitter_misc":{"Dur\u00e9e de lecture estim\u00e9e":"8 minutes"},"schema":{"@context":"https:\/\/schema.org","@graph":[{"@type":"WebPage","@id":"https:\/\/mialmazarahotel.com\/fr\/conditions-generales-de-vente-2\/","url":"https:\/\/mialmazarahotel.com\/fr\/conditions-generales-de-vente-2\/","name":"Conditions g\u00e9n\u00e9rales de vente | Mi Almazara","isPartOf":{"@id":"https:\/\/mialmazarahotel.com\/#website"},"datePublished":"2025-10-08T08:08:50+00:00","dateModified":"2025-10-08T09:41:30+00:00","breadcrumb":{"@id":"https:\/\/mialmazarahotel.com\/fr\/conditions-generales-de-vente-2\/#breadcrumb"},"inLanguage":"fr-FR","potentialAction":[{"@type":"ReadAction","target":["https:\/\/mialmazarahotel.com\/fr\/conditions-generales-de-vente-2\/"]}]},{"@type":"BreadcrumbList","@id":"https:\/\/mialmazarahotel.com\/fr\/conditions-generales-de-vente-2\/#breadcrumb","itemListElement":[{"@type":"ListItem","position":1,"name":"Portada","item":"https:\/\/mialmazarahotel.com\/fr\/"},{"@type":"ListItem","position":2,"name":"Conditions g\u00e9n\u00e9rales de vente"}]},{"@type":"WebSite","@id":"https:\/\/mialmazarahotel.com\/#website","url":"https:\/\/mialmazarahotel.com\/","name":"Mi Almazara","description":"Hotel Boutique en J\u00e1vea","publisher":{"@id":"https:\/\/mialmazarahotel.com\/#organization"},"alternateName":"Almazara","potentialAction":[{"@type":"SearchAction","target":{"@type":"EntryPoint","urlTemplate":"https:\/\/mialmazarahotel.com\/?s={search_term_string}"},"query-input":{"@type":"PropertyValueSpecification","valueRequired":true,"valueName":"search_term_string"}}],"inLanguage":"fr-FR"},{"@type":"Organization","@id":"https:\/\/mialmazarahotel.com\/#organization","name":"Mi Almazara","url":"https:\/\/mialmazarahotel.com\/","logo":{"@type":"ImageObject","inLanguage":"fr-FR","@id":"https:\/\/mialmazarahotel.com\/#\/schema\/logo\/image\/","url":"https:\/\/mialmazarahotel.com\/wp-content\/uploads\/2023\/12\/cropped-favicon-4.png","contentUrl":"https:\/\/mialmazarahotel.com\/wp-content\/uploads\/2023\/12\/cropped-favicon-4.png","width":512,"height":512,"caption":"Mi Almazara"},"image":{"@id":"https:\/\/mialmazarahotel.com\/#\/schema\/logo\/image\/"}}]}},"_links":{"self":[{"href":"https:\/\/mialmazarahotel.com\/fr\/wp-json\/wp\/v2\/pages\/8516","targetHints":{"allow":["GET"]}}],"collection":[{"href":"https:\/\/mialmazarahotel.com\/fr\/wp-json\/wp\/v2\/pages"}],"about":[{"href":"https:\/\/mialmazarahotel.com\/fr\/wp-json\/wp\/v2\/types\/page"}],"author":[{"embeddable":true,"href":"https:\/\/mialmazarahotel.com\/fr\/wp-json\/wp\/v2\/users\/1"}],"replies":[{"embeddable":true,"href":"https:\/\/mialmazarahotel.com\/fr\/wp-json\/wp\/v2\/comments?post=8516"}],"version-history":[{"count":0,"href":"https:\/\/mialmazarahotel.com\/fr\/wp-json\/wp\/v2\/pages\/8516\/revisions"}],"wp:attachment":[{"href":"https:\/\/mialmazarahotel.com\/fr\/wp-json\/wp\/v2\/media?parent=8516"}],"curies":[{"name":"wp","href":"https:\/\/api.w.org\/{rel}","templated":true}]}}