{"id":9142,"date":"2025-10-24T12:14:57","date_gmt":"2025-10-24T10:14:57","guid":{"rendered":"https:\/\/mialmazarahotel.com\/?page_id=9142"},"modified":"2026-02-20T11:31:38","modified_gmt":"2026-02-20T10:31:38","slug":"gastronomie","status":"publish","type":"page","link":"https:\/\/mialmazarahotel.com\/fr\/blog-fr\/gastronomie\/","title":{"rendered":"2025 &#8211; blog Gastronomia FR"},"content":{"rendered":"\t\t<div data-elementor-type=\"wp-page\" data-elementor-id=\"9142\" class=\"elementor elementor-9142\" data-elementor-post-type=\"page\">\n\t\t\t\t\t\t<section class=\"elementor-section elementor-top-section elementor-element elementor-element-3a875c2 elementor-section-full_width elementor-section-height-min-height elementor-section-height-default elementor-section-items-middle\" data-id=\"3a875c2\" data-element_type=\"section\" data-settings=\"{&quot;background_background&quot;:&quot;classic&quot;}\">\n\t\t\t\t\t\t\t<div class=\"elementor-background-overlay\"><\/div>\n\t\t\t\t\t\t\t<div class=\"elementor-container elementor-column-gap-default\">\n\t\t\t\t\t<div class=\"elementor-column elementor-col-100 elementor-top-column elementor-element elementor-element-435e9ae\" data-id=\"435e9ae\" data-element_type=\"column\">\n\t\t\t<div class=\"elementor-widget-wrap elementor-element-populated\">\n\t\t\t\t\t\t<div class=\"elementor-element elementor-element-d272701 elementor-widget elementor-widget-heading\" data-id=\"d272701\" data-element_type=\"widget\" data-widget_type=\"heading.default\">\n\t\t\t\t<div class=\"elementor-widget-container\">\n\t\t\t\t\t<h1 class=\"elementor-heading-title elementor-size-default\">Le blog de Mi AlmaZara<\/h1>\t\t\t\t<\/div>\n\t\t\t\t<\/div>\n\t\t\t\t<div class=\"elementor-element elementor-element-f309f29 elementor-widget elementor-widget-text-editor\" data-id=\"f309f29\" data-element_type=\"widget\" data-widget_type=\"text-editor.default\">\n\t\t\t\t<div class=\"elementor-widget-container\">\n\t\t\t\t\t\t\t\t\t<p><a href=\"\/\">Home <\/a>&gt; Blog<\/p>\t\t\t\t\t\t\t\t<\/div>\n\t\t\t\t<\/div>\n\t\t\t\t\t<\/div>\n\t\t<\/div>\n\t\t\t\t\t<\/div>\n\t\t<\/section>\n\t\t\t\t<section class=\"elementor-section elementor-top-section elementor-element elementor-element-62f2dff elementor-section-boxed elementor-section-height-default elementor-section-height-default\" data-id=\"62f2dff\" data-element_type=\"section\">\n\t\t\t\t\t\t<div class=\"elementor-container elementor-column-gap-default\">\n\t\t\t\t\t<div class=\"elementor-column elementor-col-100 elementor-top-column elementor-element elementor-element-8a6dc32\" data-id=\"8a6dc32\" data-element_type=\"column\">\n\t\t\t<div class=\"elementor-widget-wrap elementor-element-populated\">\n\t\t\t\t\t\t<div class=\"elementor-element elementor-element-0a91cd8 elementor-widget elementor-widget-spacer\" data-id=\"0a91cd8\" data-element_type=\"widget\" data-widget_type=\"spacer.default\">\n\t\t\t\t<div class=\"elementor-widget-container\">\n\t\t\t\t\t\t\t<div class=\"elementor-spacer\">\n\t\t\t<div class=\"elementor-spacer-inner\"><\/div>\n\t\t<\/div>\n\t\t\t\t\t\t<\/div>\n\t\t\t\t<\/div>\n\t\t\t\t\t<\/div>\n\t\t<\/div>\n\t\t\t\t\t<\/div>\n\t\t<\/section>\n\t\t\t\t<section class=\"elementor-section elementor-top-section elementor-element elementor-element-9463e22 elementor-section-boxed elementor-section-height-default elementor-section-height-default\" data-id=\"9463e22\" data-element_type=\"section\">\n\t\t\t\t\t\t<div class=\"elementor-container elementor-column-gap-default\">\n\t\t\t\t\t<div class=\"elementor-column elementor-col-25 elementor-top-column elementor-element elementor-element-525aa05\" data-id=\"525aa05\" data-element_type=\"column\">\n\t\t\t<div class=\"elementor-widget-wrap elementor-element-populated\">\n\t\t\t\t\t\t<div class=\"elementor-element elementor-element-9de687f elementor-widget elementor-widget-heading\" data-id=\"9de687f\" data-element_type=\"widget\" data-widget_type=\"heading.default\">\n\t\t\t\t<div class=\"elementor-widget-container\">\n\t\t\t\t\t<span class=\"elementor-heading-title elementor-size-default\"><a href=\"https:\/\/mialmazarahotel.com\/fr\/2025-blog-fr\/2025-blog-hotel-fr\/\">H\u00f4tel<\/a><\/span>\t\t\t\t<\/div>\n\t\t\t\t<\/div>\n\t\t\t\t\t<\/div>\n\t\t<\/div>\n\t\t\t\t<div class=\"elementor-column elementor-col-25 elementor-top-column elementor-element elementor-element-f61a9a6\" data-id=\"f61a9a6\" data-element_type=\"column\">\n\t\t\t<div class=\"elementor-widget-wrap elementor-element-populated\">\n\t\t\t\t\t\t<div class=\"elementor-element elementor-element-a5c0ea0 elementor-widget elementor-widget-heading\" data-id=\"a5c0ea0\" data-element_type=\"widget\" data-widget_type=\"heading.default\">\n\t\t\t\t<div class=\"elementor-widget-container\">\n\t\t\t\t\t<span class=\"elementor-heading-title elementor-size-default\"><a href=\"https:\/\/mialmazarahotel.com\/fr\/2025-blog-fr\/2025-blog-wellness-fr\/\">Bien-\u00eatre<\/a><\/span>\t\t\t\t<\/div>\n\t\t\t\t<\/div>\n\t\t\t\t\t<\/div>\n\t\t<\/div>\n\t\t\t\t<div class=\"elementor-column elementor-col-25 elementor-top-column elementor-element elementor-element-643867d\" data-id=\"643867d\" data-element_type=\"column\">\n\t\t\t<div class=\"elementor-widget-wrap elementor-element-populated\">\n\t\t\t\t\t\t<div class=\"elementor-element elementor-element-b205d33 elementor-widget elementor-widget-heading\" data-id=\"b205d33\" data-element_type=\"widget\" data-widget_type=\"heading.default\">\n\t\t\t\t<div class=\"elementor-widget-container\">\n\t\t\t\t\t<span class=\"elementor-heading-title elementor-size-default\"><a href=\"https:\/\/mialmazarahotel.com\/fr\/2025-blog-fr\/2025-blog-gastronomia-fr\/\">Gastronomie<\/a><\/span>\t\t\t\t<\/div>\n\t\t\t\t<\/div>\n\t\t\t\t\t<\/div>\n\t\t<\/div>\n\t\t\t\t<div class=\"elementor-column elementor-col-25 elementor-top-column elementor-element elementor-element-1fbefa0\" data-id=\"1fbefa0\" data-element_type=\"column\">\n\t\t\t<div class=\"elementor-widget-wrap elementor-element-populated\">\n\t\t\t\t\t\t<div class=\"elementor-element elementor-element-1ccca56 elementor-widget elementor-widget-heading\" data-id=\"1ccca56\" data-element_type=\"widget\" data-widget_type=\"heading.default\">\n\t\t\t\t<div class=\"elementor-widget-container\">\n\t\t\t\t\t<span class=\"elementor-heading-title elementor-size-default\"><a href=\"https:\/\/mialmazarahotel.com\/fr\/2025-blog-fr\/2025-blog-ocio-fr\/\">Loisirs<\/a><\/span>\t\t\t\t<\/div>\n\t\t\t\t<\/div>\n\t\t\t\t\t<\/div>\n\t\t<\/div>\n\t\t\t\t\t<\/div>\n\t\t<\/section>\n\t\t\t\t<section class=\"elementor-section elementor-top-section elementor-element elementor-element-6a25228 elementor-section-full_width elementor-section-height-default elementor-section-height-default\" data-id=\"6a25228\" data-element_type=\"section\">\n\t\t\t\t\t\t<div class=\"elementor-container elementor-column-gap-default\">\n\t\t\t\t\t<div class=\"elementor-column elementor-col-100 elementor-top-column elementor-element elementor-element-ee866fe\" data-id=\"ee866fe\" data-element_type=\"column\">\n\t\t\t<div class=\"elementor-widget-wrap elementor-element-populated\">\n\t\t\t\t\t\t<div class=\"elementor-element elementor-element-0e2ce51 elementor-widget elementor-widget-spacer\" data-id=\"0e2ce51\" data-element_type=\"widget\" data-widget_type=\"spacer.default\">\n\t\t\t\t<div class=\"elementor-widget-container\">\n\t\t\t\t\t\t\t<div class=\"elementor-spacer\">\n\t\t\t<div class=\"elementor-spacer-inner\"><\/div>\n\t\t<\/div>\n\t\t\t\t\t\t<\/div>\n\t\t\t\t<\/div>\n\t\t\t\t<section class=\"elementor-section elementor-inner-section elementor-element elementor-element-2df8079 elementor-section-boxed elementor-section-height-default elementor-section-height-default\" data-id=\"2df8079\" data-element_type=\"section\">\n\t\t\t\t\t\t<div class=\"elementor-container elementor-column-gap-default\">\n\t\t\t\t\t<div class=\"elementor-column elementor-col-100 elementor-inner-column elementor-element elementor-element-ae55bf1\" data-id=\"ae55bf1\" data-element_type=\"column\">\n\t\t\t<div class=\"elementor-widget-wrap elementor-element-populated\">\n\t\t\t\t\t\t<div class=\"elementor-element elementor-element-f26120e elementor-widget elementor-widget-heading\" data-id=\"f26120e\" data-element_type=\"widget\" data-widget_type=\"heading.default\">\n\t\t\t\t<div class=\"elementor-widget-container\">\n\t\t\t\t\t<h2 class=\"elementor-heading-title elementor-size-default\">D\u00e9couvre les nouveaut\u00e9s<\/h2>\t\t\t\t<\/div>\n\t\t\t\t<\/div>\n\t\t\t\t<div class=\"elementor-element elementor-element-832577b elementor-widget elementor-widget-heading\" data-id=\"832577b\" data-element_type=\"widget\" data-widget_type=\"heading.default\">\n\t\t\t\t<div class=\"elementor-widget-container\">\n\t\t\t\t\t<div class=\"elementor-heading-title elementor-size-default\">Actualit\u00e9s de Mi AlmaZara et bien plus encore<\/div>\t\t\t\t<\/div>\n\t\t\t\t<\/div>\n\t\t\t\t\t<\/div>\n\t\t<\/div>\n\t\t\t\t\t<\/div>\n\t\t<\/section>\n\t\t\t\t\t<\/div>\n\t\t<\/div>\n\t\t\t\t\t<\/div>\n\t\t<\/section>\n\t\t\t\t<section class=\"elementor-section elementor-top-section elementor-element elementor-element-281680a elementor-section-boxed elementor-section-height-default elementor-section-height-default\" data-id=\"281680a\" data-element_type=\"section\">\n\t\t\t\t\t\t<div class=\"elementor-container elementor-column-gap-default\">\n\t\t\t\t\t<div class=\"elementor-column elementor-col-100 elementor-top-column elementor-element elementor-element-e4ff5ae\" data-id=\"e4ff5ae\" data-element_type=\"column\">\n\t\t\t<div class=\"elementor-widget-wrap elementor-element-populated\">\n\t\t\t\t\t\t<div class=\"elementor-element elementor-element-40e150f elementor-widget elementor-widget-spacer\" data-id=\"40e150f\" data-element_type=\"widget\" data-widget_type=\"spacer.default\">\n\t\t\t\t<div class=\"elementor-widget-container\">\n\t\t\t\t\t\t\t<div class=\"elementor-spacer\">\n\t\t\t<div class=\"elementor-spacer-inner\"><\/div>\n\t\t<\/div>\n\t\t\t\t\t\t<\/div>\n\t\t\t\t<\/div>\n\t\t\t\t\t<\/div>\n\t\t<\/div>\n\t\t\t\t\t<\/div>\n\t\t<\/section>\n\t\t\t\t<section class=\"elementor-section elementor-top-section elementor-element elementor-element-2812564 elementor-section-boxed elementor-section-height-default elementor-section-height-default\" data-id=\"2812564\" data-element_type=\"section\">\n\t\t\t\t\t\t<div class=\"elementor-container elementor-column-gap-default\">\n\t\t\t\t\t<div class=\"elementor-column elementor-col-100 elementor-top-column elementor-element elementor-element-d51a95f\" data-id=\"d51a95f\" data-element_type=\"column\">\n\t\t\t<div class=\"elementor-widget-wrap elementor-element-populated\">\n\t\t\t\t\t\t<div class=\"elementor-element elementor-element-636686c elementor-widget elementor-widget-spacer\" data-id=\"636686c\" data-element_type=\"widget\" data-widget_type=\"spacer.default\">\n\t\t\t\t<div class=\"elementor-widget-container\">\n\t\t\t\t\t\t\t<div class=\"elementor-spacer\">\n\t\t\t<div class=\"elementor-spacer-inner\"><\/div>\n\t\t<\/div>\n\t\t\t\t\t\t<\/div>\n\t\t\t\t<\/div>\n\t\t\t\t\t<\/div>\n\t\t<\/div>\n\t\t\t\t\t<\/div>\n\t\t<\/section>\n\t\t\t\t<\/div>\n\t\t","protected":false},"excerpt":{"rendered":"<p>Le blog de Mi AlmaZara Home &gt; Blog H\u00f4tel Bien-\u00eatre Gastronomie Loisirs D\u00e9couvre les nouveaut\u00e9s Actualit\u00e9s de Mi AlmaZara et bien plus encore<\/p>\n","protected":false},"author":1,"featured_media":0,"parent":7826,"menu_order":0,"comment_status":"closed","ping_status":"closed","template":"elementor_header_footer","meta":{"inline_featured_image":false,"footnotes":""},"class_list":["post-9142","page","type-page","status-publish"],"yoast_head":"<!-- This site is optimized with the Yoast SEO plugin v26.4 - https:\/\/yoast.com\/wordpress\/plugins\/seo\/ -->\n<title>Gastronomie | Mi AlmaZara<\/title>\n<meta name=\"description\" content=\"Notre cuisine repose sur la pr\u00e9cision japonaise : des d\u00e9coupes m\u00e9ticuleuses et une tempura soign\u00e9e dans les moindres d\u00e9tails, avec une attention particuli\u00e8re port\u00e9e \u00e0 la saveur.\" \/>\n<meta name=\"robots\" content=\"index, follow, max-snippet:-1, max-image-preview:large, max-video-preview:-1\" \/>\n<link rel=\"canonical\" href=\"https:\/\/mialmazarahotel.com\/fr\/blog-fr\/gastronomie\/\" \/>\n<meta property=\"og:locale\" content=\"fr_FR\" \/>\n<meta property=\"og:type\" content=\"article\" \/>\n<meta property=\"og:title\" content=\"Gastronomie | Mi AlmaZara\" \/>\n<meta property=\"og:description\" content=\"Notre cuisine repose sur la pr\u00e9cision japonaise : des d\u00e9coupes m\u00e9ticuleuses et une tempura soign\u00e9e dans les moindres d\u00e9tails, avec une attention particuli\u00e8re port\u00e9e \u00e0 la saveur.\" \/>\n<meta property=\"og:url\" content=\"https:\/\/mialmazarahotel.com\/fr\/blog-fr\/gastronomie\/\" \/>\n<meta property=\"og:site_name\" content=\"Mi Almazara\" \/>\n<meta property=\"article:modified_time\" content=\"2026-02-20T10:31:38+00:00\" \/>\n<meta property=\"og:image\" content=\"https:\/\/mialmazarahotel.com\/wp-content\/uploads\/2023\/12\/cropped-favicon-4.png\" \/>\n\t<meta property=\"og:image:width\" content=\"512\" \/>\n\t<meta property=\"og:image:height\" content=\"512\" \/>\n\t<meta property=\"og:image:type\" content=\"image\/png\" \/>\n<meta name=\"twitter:card\" content=\"summary_large_image\" \/>\n<script type=\"application\/ld+json\" class=\"yoast-schema-graph\">{\"@context\":\"https:\/\/schema.org\",\"@graph\":[{\"@type\":\"WebPage\",\"@id\":\"https:\/\/mialmazarahotel.com\/fr\/blog-fr\/gastronomie\/\",\"url\":\"https:\/\/mialmazarahotel.com\/fr\/blog-fr\/gastronomie\/\",\"name\":\"Gastronomie | Mi AlmaZara\",\"isPartOf\":{\"@id\":\"https:\/\/mialmazarahotel.com\/#website\"},\"datePublished\":\"2025-10-24T10:14:57+00:00\",\"dateModified\":\"2026-02-20T10:31:38+00:00\",\"description\":\"Notre cuisine repose sur la pr\u00e9cision japonaise : des d\u00e9coupes m\u00e9ticuleuses et une tempura soign\u00e9e dans les moindres d\u00e9tails, avec une attention particuli\u00e8re port\u00e9e \u00e0 la saveur.\",\"breadcrumb\":{\"@id\":\"https:\/\/mialmazarahotel.com\/fr\/blog-fr\/gastronomie\/#breadcrumb\"},\"inLanguage\":\"fr-FR\",\"potentialAction\":[{\"@type\":\"ReadAction\",\"target\":[\"https:\/\/mialmazarahotel.com\/fr\/blog-fr\/gastronomie\/\"]}]},{\"@type\":\"BreadcrumbList\",\"@id\":\"https:\/\/mialmazarahotel.com\/fr\/blog-fr\/gastronomie\/#breadcrumb\",\"itemListElement\":[{\"@type\":\"ListItem\",\"position\":1,\"name\":\"Portada\",\"item\":\"https:\/\/mialmazarahotel.com\/fr\/\"},{\"@type\":\"ListItem\",\"position\":2,\"name\":\"blog\",\"item\":\"https:\/\/mialmazarahotel.com\/fr\/blog-fr\/\"},{\"@type\":\"ListItem\",\"position\":3,\"name\":\"2025 &#8211; blog Gastronomia FR\"}]},{\"@type\":\"WebSite\",\"@id\":\"https:\/\/mialmazarahotel.com\/#website\",\"url\":\"https:\/\/mialmazarahotel.com\/\",\"name\":\"Mi Almazara\",\"description\":\"Hotel Boutique en J\u00e1vea\",\"publisher\":{\"@id\":\"https:\/\/mialmazarahotel.com\/#organization\"},\"alternateName\":\"Almazara\",\"potentialAction\":[{\"@type\":\"SearchAction\",\"target\":{\"@type\":\"EntryPoint\",\"urlTemplate\":\"https:\/\/mialmazarahotel.com\/?s={search_term_string}\"},\"query-input\":{\"@type\":\"PropertyValueSpecification\",\"valueRequired\":true,\"valueName\":\"search_term_string\"}}],\"inLanguage\":\"fr-FR\"},{\"@type\":\"Organization\",\"@id\":\"https:\/\/mialmazarahotel.com\/#organization\",\"name\":\"Mi Almazara\",\"url\":\"https:\/\/mialmazarahotel.com\/\",\"logo\":{\"@type\":\"ImageObject\",\"inLanguage\":\"fr-FR\",\"@id\":\"https:\/\/mialmazarahotel.com\/#\/schema\/logo\/image\/\",\"url\":\"https:\/\/mialmazarahotel.com\/wp-content\/uploads\/2023\/12\/cropped-favicon-4.png\",\"contentUrl\":\"https:\/\/mialmazarahotel.com\/wp-content\/uploads\/2023\/12\/cropped-favicon-4.png\",\"width\":512,\"height\":512,\"caption\":\"Mi Almazara\"},\"image\":{\"@id\":\"https:\/\/mialmazarahotel.com\/#\/schema\/logo\/image\/\"}}]}<\/script>\n<!-- \/ Yoast SEO plugin. -->","yoast_head_json":{"title":"Gastronomie | Mi AlmaZara","description":"Notre cuisine repose sur la pr\u00e9cision japonaise : des d\u00e9coupes m\u00e9ticuleuses et une tempura soign\u00e9e dans les moindres d\u00e9tails, avec une attention particuli\u00e8re port\u00e9e \u00e0 la saveur.","robots":{"index":"index","follow":"follow","max-snippet":"max-snippet:-1","max-image-preview":"max-image-preview:large","max-video-preview":"max-video-preview:-1"},"canonical":"https:\/\/mialmazarahotel.com\/fr\/blog-fr\/gastronomie\/","og_locale":"fr_FR","og_type":"article","og_title":"Gastronomie | Mi AlmaZara","og_description":"Notre cuisine repose sur la pr\u00e9cision japonaise : des d\u00e9coupes m\u00e9ticuleuses et une tempura soign\u00e9e dans les moindres d\u00e9tails, avec une attention particuli\u00e8re port\u00e9e \u00e0 la saveur.","og_url":"https:\/\/mialmazarahotel.com\/fr\/blog-fr\/gastronomie\/","og_site_name":"Mi Almazara","article_modified_time":"2026-02-20T10:31:38+00:00","og_image":[{"width":512,"height":512,"url":"https:\/\/mialmazarahotel.com\/wp-content\/uploads\/2023\/12\/cropped-favicon-4.png","type":"image\/png"}],"twitter_card":"summary_large_image","schema":{"@context":"https:\/\/schema.org","@graph":[{"@type":"WebPage","@id":"https:\/\/mialmazarahotel.com\/fr\/blog-fr\/gastronomie\/","url":"https:\/\/mialmazarahotel.com\/fr\/blog-fr\/gastronomie\/","name":"Gastronomie | Mi AlmaZara","isPartOf":{"@id":"https:\/\/mialmazarahotel.com\/#website"},"datePublished":"2025-10-24T10:14:57+00:00","dateModified":"2026-02-20T10:31:38+00:00","description":"Notre cuisine repose sur la pr\u00e9cision japonaise : des d\u00e9coupes m\u00e9ticuleuses et une tempura soign\u00e9e dans les moindres d\u00e9tails, avec une attention particuli\u00e8re port\u00e9e \u00e0 la saveur.","breadcrumb":{"@id":"https:\/\/mialmazarahotel.com\/fr\/blog-fr\/gastronomie\/#breadcrumb"},"inLanguage":"fr-FR","potentialAction":[{"@type":"ReadAction","target":["https:\/\/mialmazarahotel.com\/fr\/blog-fr\/gastronomie\/"]}]},{"@type":"BreadcrumbList","@id":"https:\/\/mialmazarahotel.com\/fr\/blog-fr\/gastronomie\/#breadcrumb","itemListElement":[{"@type":"ListItem","position":1,"name":"Portada","item":"https:\/\/mialmazarahotel.com\/fr\/"},{"@type":"ListItem","position":2,"name":"blog","item":"https:\/\/mialmazarahotel.com\/fr\/blog-fr\/"},{"@type":"ListItem","position":3,"name":"2025 &#8211; blog Gastronomia FR"}]},{"@type":"WebSite","@id":"https:\/\/mialmazarahotel.com\/#website","url":"https:\/\/mialmazarahotel.com\/","name":"Mi Almazara","description":"Hotel Boutique en J\u00e1vea","publisher":{"@id":"https:\/\/mialmazarahotel.com\/#organization"},"alternateName":"Almazara","potentialAction":[{"@type":"SearchAction","target":{"@type":"EntryPoint","urlTemplate":"https:\/\/mialmazarahotel.com\/?s={search_term_string}"},"query-input":{"@type":"PropertyValueSpecification","valueRequired":true,"valueName":"search_term_string"}}],"inLanguage":"fr-FR"},{"@type":"Organization","@id":"https:\/\/mialmazarahotel.com\/#organization","name":"Mi Almazara","url":"https:\/\/mialmazarahotel.com\/","logo":{"@type":"ImageObject","inLanguage":"fr-FR","@id":"https:\/\/mialmazarahotel.com\/#\/schema\/logo\/image\/","url":"https:\/\/mialmazarahotel.com\/wp-content\/uploads\/2023\/12\/cropped-favicon-4.png","contentUrl":"https:\/\/mialmazarahotel.com\/wp-content\/uploads\/2023\/12\/cropped-favicon-4.png","width":512,"height":512,"caption":"Mi Almazara"},"image":{"@id":"https:\/\/mialmazarahotel.com\/#\/schema\/logo\/image\/"}}]}},"_links":{"self":[{"href":"https:\/\/mialmazarahotel.com\/fr\/wp-json\/wp\/v2\/pages\/9142","targetHints":{"allow":["GET"]}}],"collection":[{"href":"https:\/\/mialmazarahotel.com\/fr\/wp-json\/wp\/v2\/pages"}],"about":[{"href":"https:\/\/mialmazarahotel.com\/fr\/wp-json\/wp\/v2\/types\/page"}],"author":[{"embeddable":true,"href":"https:\/\/mialmazarahotel.com\/fr\/wp-json\/wp\/v2\/users\/1"}],"replies":[{"embeddable":true,"href":"https:\/\/mialmazarahotel.com\/fr\/wp-json\/wp\/v2\/comments?post=9142"}],"version-history":[{"count":1,"href":"https:\/\/mialmazarahotel.com\/fr\/wp-json\/wp\/v2\/pages\/9142\/revisions"}],"predecessor-version":[{"id":10097,"href":"https:\/\/mialmazarahotel.com\/fr\/wp-json\/wp\/v2\/pages\/9142\/revisions\/10097"}],"up":[{"embeddable":true,"href":"https:\/\/mialmazarahotel.com\/fr\/wp-json\/wp\/v2\/pages\/7826"}],"wp:attachment":[{"href":"https:\/\/mialmazarahotel.com\/fr\/wp-json\/wp\/v2\/media?parent=9142"}],"curies":[{"name":"wp","href":"https:\/\/api.w.org\/{rel}","templated":true}]}}